{"id":1619,"date":"2018-05-22T18:49:27","date_gmt":"2018-05-22T16:49:27","guid":{"rendered":"https:\/\/www.guenther-transporte.de\/site\/?page_id=1619"},"modified":"2018-07-24T13:22:20","modified_gmt":"2018-07-24T11:22:20","slug":"service","status":"publish","type":"page","link":"https:\/\/www.guenther-transporte.de\/site\/service\/","title":{"rendered":"Service"},"content":{"rendered":"<p>[vc_row][vc_column][rev_slider_vc alias=&#8220;slider-seiten&#8220;][\/vc_column][\/vc_row][vc_row css=&#8220;.vc_custom_1527008466332{margin-top: 40px !important;}&#8220;][vc_column width=&#8220;1\/4&#8243;][vc_single_image image=&#8220;1625&#8243; img_size=&#8220;full&#8220;][\/vc_column][vc_column width=&#8220;3\/4&#8243;][vc_column_text css=&#8220;.vc_custom_1527008099252{margin-right: 20px !important;margin-bottom: 40px !important;}&#8220;]<\/p>\n<p style=\"padding-bottom: 15px; font-size: 28px; text-align: left; color: #025da9;\">Unsere Serviceleistungen<\/p>\n<p><strong>Qualit\u00e4tsmanagement<\/strong><br \/>\n<span class=\"Standardtext\">Durch unser Sendungsverfolgungssystem erreichen wir in allen Leistungen eine Null-Fehler-Qualit\u00e4t, da wir in allen Prozessstufen auf l\u00fcckenloser Dokumentation und permanenter Kommunikation mit unserem Fahrpersonal bestehen. Unser Qualit\u00e4tsmanagement ist nach ISO 9001:2015 zertifiziert.<\/span><\/p>\n<p><strong> Zeitnahe Sendungs\u00fcbernahme<\/strong><br \/>\n<span class=\"Standardtext\">Schnelle Reaktionszeit bundesweit und im angrenzenden Ausland.Wir stehen in st\u00e4ndigem Kontakt zu einigen hundert Transportunternehmen aus ganz Europa. F\u00fcr Sie bedeutet dieses: ein Ansprechpartner f\u00fcr alle Transporte, feste Preise und kein Suchen nach Fahrzeugen.<\/span><\/p>\n<p><strong> Auftragsmanagement per Internet<\/strong><br \/>\n<span class=\"Standardtext\">Sie haben die M\u00f6glichkeit Ihre Auftr\u00e4ge direkt per Internet an uns zu \u00fcbermitteln und den Auftragsstatus zeitnah zu verfolgen. Wir senden Ihnen gerne Ihre pers\u00f6nlichen Zugangsdaten zu.Selbstverst\u00e4ndlich ist dar\u00fcber hinaus st\u00e4ndig ein Mitarbeiter unseres Hauses pers\u00f6nlich f\u00fcr Sie erreichbar.<\/span><\/p>\n<p><strong> Direktanlieferung europaweit<\/strong><br \/>\n<span class=\"Standardtext\">Den westeurop\u00e4ischen Standard haben wir l\u00e4ngst auch auf Osteuropa ausgeweitet, was f\u00fcr Sie bedeutet: alles in einer Hand, von-Haus-zu-Haus Zustellung incl. Grenzabfertigung. Ihre Ware ist optimal gesch\u00fctzt, da keine Umladung erfolgt.<\/span><\/p>\n<p><strong> Rund um die Uhr im Einsatz<\/strong><br \/>\n<span class=\"Standardtext\">Nicht nur unsere Fahrzeuge sind 24 Stunden, 7 Tage die Woche, 12 Monate im Jahr f\u00fcr Sie im Einsatz, sondern auch unsere Disponenten sind \u00fcber die Hotline auch au\u00dferhalb der Gesch\u00e4ftszeiten f\u00fcr Sie erreichbar.<\/span><\/p>\n<p><strong> Air-Charter, On-Board-Courier<\/strong><br \/>\n<span class=\"Standardtext\">Wenn es mit dem Kraftwagen nicht schnell genug ist, bieten wir Ihnen den individuellen Air-Charter-Dienst, nat\u00fcrlich auch mit Haus-zu-Haus-Service.<\/span><\/p>\n<p><strong> Gefahrguttransporte<\/strong><br \/>\n<span class=\"Standardtext\">Unsere Fahrer haben den GGVS\/ADR-Schein, die Fahrzeuge sind mit dem gesetzlich vorgeschriebenen Equipment ausger\u00fcstet.<\/span><\/p>\n<p><strong> Spezialtransporter mit Hebeb\u00fchne<\/strong><br \/>\n<span class=\"Standardtext\">Ein Teil unserer Fahrzeuge ist mit Hebeb\u00fchnen und speziellen Sicherungsvorrichtungen ausgestattet, womit wir auch unverpackte Sendungen oder hochsensible G\u00fcter, wie z.B. medizinische Ger\u00e4te sicher transportieren k\u00f6nnen. Auch die Verladung sperriger G\u00fcter ohne Stapler ist damit m\u00f6glich.<\/span>[\/vc_column_text][\/vc_column][\/vc_row]<\/p>\n","protected":false},"excerpt":{"rendered":"<p>[vc_row][vc_column][rev_slider_vc alias=&#8220;slider-seiten&#8220;][\/vc_column][\/vc_row][vc_row css=&#8220;.vc_custom_1527008466332{margin-top: 40px !important;}&#8220;][vc_column width=&#8220;1\/4&#8243;][vc_single_image image=&#8220;1625&#8243; img_size=&#8220;full&#8220;][\/vc_column][vc_column width=&#8220;3\/4&#8243;][vc_column_text css=&#8220;.vc_custom_1527008099252{margin-right: 20px !important;margin-bottom: 40px !important;}&#8220;] Unsere Serviceleistungen Qualit\u00e4tsmanagement Durch unser Sendungsverfolgungssystem erreichen wir in allen Leistungen eine Null-Fehler-Qualit\u00e4t, da wir in allen Prozessstufen auf l\u00fcckenloser Dokumentation und permanenter Kommunikation mit unserem Fahrpersonal bestehen. Unser Qualit\u00e4tsmanagement ist nach ISO 9001:2015 zertifiziert. Zeitnahe Sendungs\u00fcbernahme Schnelle Reaktionszeit bundesweit und [&hellip;]<\/p>\n","protected":false},"author":1,"featured_media":0,"parent":0,"menu_order":0,"comment_status":"closed","ping_status":"closed","template":"","meta":{"footnotes":""},"class_list":["post-1619","page","type-page","status-publish","hentry"],"_links":{"self":[{"href":"https:\/\/www.guenther-transporte.de\/site\/wp-json\/wp\/v2\/pages\/1619","targetHints":{"allow":["GET"]}}],"collection":[{"href":"https:\/\/www.guenther-transporte.de\/site\/wp-json\/wp\/v2\/pages"}],"about":[{"href":"https:\/\/www.guenther-transporte.de\/site\/wp-json\/wp\/v2\/types\/page"}],"author":[{"embeddable":true,"href":"https:\/\/www.guenther-transporte.de\/site\/wp-json\/wp\/v2\/users\/1"}],"replies":[{"embeddable":true,"href":"https:\/\/www.guenther-transporte.de\/site\/wp-json\/wp\/v2\/comments?post=1619"}],"version-history":[{"count":7,"href":"https:\/\/www.guenther-transporte.de\/site\/wp-json\/wp\/v2\/pages\/1619\/revisions"}],"predecessor-version":[{"id":1650,"href":"https:\/\/www.guenther-transporte.de\/site\/wp-json\/wp\/v2\/pages\/1619\/revisions\/1650"}],"wp:attachment":[{"href":"https:\/\/www.guenther-transporte.de\/site\/wp-json\/wp\/v2\/media?parent=1619"}],"curies":[{"name":"wp","href":"https:\/\/api.w.org\/{rel}","templated":true}]}}