{"id":1635,"date":"2018-05-22T19:18:11","date_gmt":"2018-05-22T17:18:11","guid":{"rendered":"https:\/\/www.guenther-transporte.de\/site\/?page_id=1635"},"modified":"2021-02-11T17:01:52","modified_gmt":"2021-02-11T16:01:52","slug":"kontakt-impressum","status":"publish","type":"page","link":"https:\/\/www.guenther-transporte.de\/site\/kontakt\/kontakt-impressum\/","title":{"rendered":"Kontakt &#038; Impressum"},"content":{"rendered":"<p>[vc_row][vc_column][rev_slider_vc alias=&#8220;slider-seiten&#8220;][\/vc_column][\/vc_row][vc_row css=&#8220;.vc_custom_1527009551879{margin-top: 40px !important;margin-bottom: 40px !important;}&#8220;][vc_column width=&#8220;1\/2&#8243; css=&#8220;.vc_custom_1527009589052{margin-right: 20px !important;margin-left: 20px !important;}&#8220;][vc_column_text]<\/p>\n<p style=\"padding-bottom: 15px; font-size: 28px; text-align: left; color: #025da9;\">Kontakt<\/p>\n<p>Wir freuen uns \u00fcber Feedback und Anfragen! So k\u00f6nnen Sie uns erreichen:<\/p>\n<p><b>SofortTransport G\u00fcnther GmbH<\/b><br \/>\nFelix-Klein-stra\u00dfe 77<br \/>\n91058 Erlangen<\/p>\n<p><b>Tel <\/b> +49 (0) 9131 &#8211; 630 72-0<\/p>\n<p>e-mail: <a class=\"StandardtextBlau\" href=\"mailto:info@guenther-transporte.de\"><b>info@guenther-transporte.de<\/b><\/a><\/p>\n<p><b>B\u00fcros: <\/b><br \/>\nFelix-Klein-Str. 77<br \/>\nD 91058 Erlangen<br \/>\n<b>und <\/b><br \/>\nHermannstr. 54 &#8211; 56<br \/>\nD-63263 Neu-Isenburg<a class=\"StandardtextGrau\" href=\"http:\/\/www.2byte.de\" target=\"_blank\" rel=\"noopener\"><br \/>\n<\/a>[\/vc_column_text][\/vc_column][vc_column width=&#8220;1\/2&#8243; css=&#8220;.vc_custom_1527009607047{margin-right: 20px !important;margin-left: 20px !important;}&#8220;][vc_column_text]<\/p>\n<p style=\"padding-bottom: 15px; font-size: 28px; text-align: left; color: #025da9;\">Impressum<\/p>\n<p><b>SofortTransport G\u00fcnther GmbH<\/b><br \/>\nFelix-Klein-stra\u00dfe 77<br \/>\n91058 Erlangen<\/p>\n<p>V.i.S.d.P.: Gudrun G\u00fcnther<\/p>\n<p>info@guenther-transporte.de<\/p>\n<p>HR F\u00fcrth, HRB 9054<br \/>\nGesch\u00e4ftsf\u00fchrer: Gudrun G\u00fcnther, Felix G\u00fcnther<br \/>\nUSt.-IdNr.: DE813557474<br \/>\nGerichtsstand Erlangen<\/p>\n<p>Diese Website enth\u00e4lt Verkn\u00fcpfungen zu Websites Dritter (\u201cexterne Links\u201d). Diese Websites unterliegen der Haftung der jeweiligen Betreiber.<\/p>\n<p>Lesen Sie hier unsere <a href=\"https:\/\/www.guenther-transporte.de\/site\/datenschutzerklaerung\/\">Datenschutzerkl\u00e4rung.<\/a>[\/vc_column_text][\/vc_column][\/vc_row]<\/p>\n","protected":false},"excerpt":{"rendered":"<p>[vc_row][vc_column][rev_slider_vc alias=&#8220;slider-seiten&#8220;][\/vc_column][\/vc_row][vc_row css=&#8220;.vc_custom_1527009551879{margin-top: 40px !important;margin-bottom: 40px !important;}&#8220;][vc_column width=&#8220;1\/2&#8243; css=&#8220;.vc_custom_1527009589052{margin-right: 20px !important;margin-left: 20px !important;}&#8220;][vc_column_text] Kontakt Wir freuen uns \u00fcber Feedback und Anfragen! So k\u00f6nnen Sie uns erreichen: SofortTransport G\u00fcnther GmbH Felix-Klein-stra\u00dfe 77 91058 Erlangen Tel +49 (0) 9131 &#8211; 630 72-0 e-mail: info@guenther-transporte.de B\u00fcros: Felix-Klein-Str. 77 D 91058 Erlangen und Hermannstr. 54 &#8211; 56 D-63263 Neu-Isenburg [&hellip;]<\/p>\n","protected":false},"author":1,"featured_media":0,"parent":759,"menu_order":0,"comment_status":"closed","ping_status":"closed","template":"","meta":{"footnotes":""},"class_list":["post-1635","page","type-page","status-publish","hentry"],"_links":{"self":[{"href":"https:\/\/www.guenther-transporte.de\/site\/wp-json\/wp\/v2\/pages\/1635","targetHints":{"allow":["GET"]}}],"collection":[{"href":"https:\/\/www.guenther-transporte.de\/site\/wp-json\/wp\/v2\/pages"}],"about":[{"href":"https:\/\/www.guenther-transporte.de\/site\/wp-json\/wp\/v2\/types\/page"}],"author":[{"embeddable":true,"href":"https:\/\/www.guenther-transporte.de\/site\/wp-json\/wp\/v2\/users\/1"}],"replies":[{"embeddable":true,"href":"https:\/\/www.guenther-transporte.de\/site\/wp-json\/wp\/v2\/comments?post=1635"}],"version-history":[{"count":5,"href":"https:\/\/www.guenther-transporte.de\/site\/wp-json\/wp\/v2\/pages\/1635\/revisions"}],"predecessor-version":[{"id":1690,"href":"https:\/\/www.guenther-transporte.de\/site\/wp-json\/wp\/v2\/pages\/1635\/revisions\/1690"}],"up":[{"embeddable":true,"href":"https:\/\/www.guenther-transporte.de\/site\/wp-json\/wp\/v2\/pages\/759"}],"wp:attachment":[{"href":"https:\/\/www.guenther-transporte.de\/site\/wp-json\/wp\/v2\/media?parent=1635"}],"curies":[{"name":"wp","href":"https:\/\/api.w.org\/{rel}","templated":true}]}}