{"id":406,"date":"2014-06-09T02:59:29","date_gmt":"2014-06-09T02:59:29","guid":{"rendered":"http:\/\/nmt82.joomexp.com\/wp-nuvo\/?page_id=5"},"modified":"2022-11-17T10:07:14","modified_gmt":"2022-11-17T09:07:14","slug":"transporte","status":"publish","type":"page","link":"https:\/\/www.guenther-transporte.de\/site\/transporte\/","title":{"rendered":"Transporte"},"content":{"rendered":"<p>[vc_row full_width=&#8220;stretch_row&#8220; parallax=&#8220;content-moving&#8220; parallax_speed_bg=&#8220;2&#8243; css_animation=&#8220;fadeIn&#8220; parallax_speed=&#8220;0.8&#8243; bg_video_transparent=&#8220;0.8&#8243; css=&#8220;.vc_custom_1527003610336{margin-bottom: 20px !important;padding-top: 0px !important;padding-bottom: 0px !important;background-color: rgba(255,255,255,0.6) !important;*background-color: rgb(255,255,255) !important;}&#8220; type=&#8220;ww-custom&#8220; enable_parallax=&#8220;false&#8220; bg_video_color=&#8220;#ffffff&#8220;][vc_column][rev_slider_vc alias=&#8220;slider-seiten&#8220;][\/vc_column][\/vc_row][vc_row full_width=&#8220;false&#8220; css=&#8220;.vc_custom_1418725328261{margin-bottom: 20px !important;padding-top: 20px !important;padding-bottom: 20px !important;background-color: #ffffff !important;}&#8220; parallax_speed=&#8220;0.8&#8243; bg_video_transparent=&#8220;0&#8243;][vc_column width=&#8220;1\/2&#8243;][vc_single_image image=&#8220;1609&#8243; img_size=&#8220;533 \u00d7 483&#8243; alignment=&#8220;center&#8220;][\/vc_column][vc_column width=&#8220;1\/2&#8243;][vc_column_text]<\/p>\n<p style=\"padding-bottom: 15px; font-size: 28px; text-align: left; color: #025da9;\">Transporte<\/p>\n<p><strong>Sondertransporte<\/strong><\/p>\n<p>Von den Gro\u00dfr\u00e4umen Frankfurt\/ Offenbach\/ Mainz bzw. Erlangen\/ N\u00fcrnberg\/ F\u00fcrth bef\u00f6rdern wir Ihre Waren rund um die Uhr sofort europaweit. Wir organisieren Ihre Abholung von jedem anderen Ort in Deutschland, \u00d6sterreich und Schweiz durch Partner innerhalb k\u00fcrzester Zeit.<\/p>\n<p><strong>Hochsensible und medizinische Ger\u00e4te<\/strong><\/p>\n<p>Speziell ausgebaute Transporter werden von uns bereitgehalten, um hochempfindliche und medizinische Ger\u00e4te sicher an ihren Bestimmungsort zu bringen. Wir k\u00f6nnen mit geeigneten Be- und Entladevorrichtungen Ihre Ger\u00e4te selbst\u00e4ndig vor Ort einbringen. Besondere Einbauten in den Fahrzeugen erlauben uns, auch unverpackte Ger\u00e4te sicher zu transportieren. Selbstverst\u00e4ndlich ist Ihre Ware immer auch versichert. Sprechen Sie uns zu Ihren speziellen Transportbed\u00fcrfnissen an.<\/p>\n<p>Unsere Kunden k\u00f6nnen ihre Transporte online direkt verwalten. Sprechen Sie uns an. Wir schicken Ihnen Ihre pers\u00f6nlichen Zugangsdaten zu![\/vc_column_text][\/vc_column][\/vc_row]<\/p>\n","protected":false},"excerpt":{"rendered":"<p>[vc_row full_width=&#8220;stretch_row&#8220; parallax=&#8220;content-moving&#8220; parallax_speed_bg=&#8220;2&#8243; css_animation=&#8220;fadeIn&#8220; parallax_speed=&#8220;0.8&#8243; bg_video_transparent=&#8220;0.8&#8243; css=&#8220;.vc_custom_1527003610336{margin-bottom: 20px !important;padding-top: 0px !important;padding-bottom: 0px !important;background-color: rgba(255,255,255,0.6) !important;*background-color: rgb(255,255,255) !important;}&#8220; type=&#8220;ww-custom&#8220; enable_parallax=&#8220;false&#8220; bg_video_color=&#8220;#ffffff&#8220;][vc_column][rev_slider_vc alias=&#8220;slider-seiten&#8220;][\/vc_column][\/vc_row][vc_row full_width=&#8220;false&#8220; css=&#8220;.vc_custom_1418725328261{margin-bottom: 20px !important;padding-top: 20px !important;padding-bottom: 20px !important;background-color: #ffffff !important;}&#8220; parallax_speed=&#8220;0.8&#8243; bg_video_transparent=&#8220;0&#8243;][vc_column width=&#8220;1\/2&#8243;][vc_single_image image=&#8220;1609&#8243; img_size=&#8220;533 \u00d7 483&#8243; alignment=&#8220;center&#8220;][\/vc_column][vc_column width=&#8220;1\/2&#8243;][vc_column_text] Transporte Sondertransporte Von den Gro\u00dfr\u00e4umen Frankfurt\/ Offenbach\/ Mainz bzw. Erlangen\/ N\u00fcrnberg\/ F\u00fcrth bef\u00f6rdern wir [&hellip;]<\/p>\n","protected":false},"author":1,"featured_media":0,"parent":0,"menu_order":0,"comment_status":"closed","ping_status":"open","template":"","meta":{"footnotes":""},"class_list":["post-406","page","type-page","status-publish","hentry"],"_links":{"self":[{"href":"https:\/\/www.guenther-transporte.de\/site\/wp-json\/wp\/v2\/pages\/406","targetHints":{"allow":["GET"]}}],"collection":[{"href":"https:\/\/www.guenther-transporte.de\/site\/wp-json\/wp\/v2\/pages"}],"about":[{"href":"https:\/\/www.guenther-transporte.de\/site\/wp-json\/wp\/v2\/types\/page"}],"author":[{"embeddable":true,"href":"https:\/\/www.guenther-transporte.de\/site\/wp-json\/wp\/v2\/users\/1"}],"replies":[{"embeddable":true,"href":"https:\/\/www.guenther-transporte.de\/site\/wp-json\/wp\/v2\/comments?post=406"}],"version-history":[{"count":10,"href":"https:\/\/www.guenther-transporte.de\/site\/wp-json\/wp\/v2\/pages\/406\/revisions"}],"predecessor-version":[{"id":1700,"href":"https:\/\/www.guenther-transporte.de\/site\/wp-json\/wp\/v2\/pages\/406\/revisions\/1700"}],"wp:attachment":[{"href":"https:\/\/www.guenther-transporte.de\/site\/wp-json\/wp\/v2\/media?parent=406"}],"curies":[{"name":"wp","href":"https:\/\/api.w.org\/{rel}","templated":true}]}}