{"id":842,"date":"2014-09-26T01:19:24","date_gmt":"2014-09-26T01:19:24","guid":{"rendered":"http:\/\/demo.cmssuperheroes.com\/Wordpress\/wp-nuvo\/?page_id=842"},"modified":"2021-02-02T22:50:53","modified_gmt":"2021-02-02T21:50:53","slug":"home-full-screen-2","status":"publish","type":"page","link":"https:\/\/www.guenther-transporte.de\/site\/","title":{"rendered":"Home \u2013 Full Screen"},"content":{"rendered":"<p>[vc_row css=&#8220;.vc_custom_1526304614744{margin-bottom: 5px !important;padding-top: 5px !important;padding-right: 0px !important;padding-bottom: 5px !important;padding-left: 0px !important;background-color: #ffffff !important;}&#8220; parallax_speed=&#8220;0.1&#8243; bg_video_transparent=&#8220;0&#8243;][vc_column][rev_slider_vc alias=&#8220;slider2&#8243;][\/vc_column][\/vc_row][vc_row css=&#8220;.vc_custom_1526307338820{padding-top: 20px !important;padding-bottom: 20px !important;background-color: #ffffff !important;}&#8220; parallax_speed=&#8220;0.8&#8243; bg_video_transparent=&#8220;0&#8243; dt_id=&#8220;about&#8220;][vc_column width=&#8220;2\/3&#8243;][vc_column_text]<\/p>\n<div style=\"text-align: left; font-family: OpenSans-Bold !important; color: #e30614; font-size: 20px; padding-bottom: 25px;\">\n<p>Sofort<span style=\"color: #005ca9; font-family: OpenSans-Bold !important;\">Transport<\/span>G\u00fcnther <span style=\"font-size: 18px; color: #333; font-family: OpenSans-Light !important;\"> seit 42 Jahren steht dieser Name f\u00fcr Zuverl\u00e4ssigkeit, Termintreue und Kundenzufriedenheit im Transportgesch\u00e4ft. <\/span><\/p>\n<p><span style=\"font-size: 18px; color: #333; font-family: OpenSans-Light !important;\">Unsere Mitarbeiter an den Standorten Erlangen und Neu-Isenburg bei Frankfurt sorgen daf\u00fcr, dass Ihr Transportgut europaweit zugestellt wird. International renommierte Konzerne z\u00e4hlen daher seit Jahren zu unseren zufriedenen Kunden.<\/span><\/p>\n<p><span style=\"font-size: 18px; color: #333; font-family: OpenSans-Light !important;\">Wir bieten Ihnen Servicequalit\u00e4t auf h\u00f6chstem Niveau und dies zu sehr g\u00fcnstigen Preisen. Testen Sie uns!<\/span><\/p>\n<\/div>\n<p>[\/vc_column_text][\/vc_column][vc_column width=&#8220;1\/3&#8243;][vc_single_image image=&#8220;1603&#8243; img_size=&#8220;full&#8220;][\/vc_column][\/vc_row][vc_row full_width=&#8220;false&#8220; css=&#8220;.vc_custom_1418660148980{padding-top: 0px !important;padding-bottom: 20px !important;background-color: #ffffff !important;}&#8220; parallax_speed=&#8220;0.8&#8243; bg_video_transparent=&#8220;0&#8243; dt_id=&#8220;about&#8220;][vc_column width=&#8220;1\/2&#8243;][\/vc_column][vc_column width=&#8220;1\/2&#8243;][vc_empty_space][\/vc_column][\/vc_row]<\/p>\n","protected":false},"excerpt":{"rendered":"<p>[vc_row css=&#8220;.vc_custom_1526304614744{margin-bottom: 5px !important;padding-top: 5px !important;padding-right: 0px !important;padding-bottom: 5px !important;padding-left: 0px !important;background-color: #ffffff !important;}&#8220; parallax_speed=&#8220;0.1&#8243; bg_video_transparent=&#8220;0&#8243;][vc_column][rev_slider_vc alias=&#8220;slider2&#8243;][\/vc_column][\/vc_row][vc_row css=&#8220;.vc_custom_1526307338820{padding-top: 20px !important;padding-bottom: 20px !important;background-color: #ffffff !important;}&#8220; parallax_speed=&#8220;0.8&#8243; bg_video_transparent=&#8220;0&#8243; dt_id=&#8220;about&#8220;][vc_column width=&#8220;2\/3&#8243;][vc_column_text] SofortTransportG\u00fcnther seit 42 Jahren steht dieser Name f\u00fcr Zuverl\u00e4ssigkeit, Termintreue und Kundenzufriedenheit im Transportgesch\u00e4ft. Unsere Mitarbeiter an den Standorten Erlangen und Neu-Isenburg bei Frankfurt sorgen daf\u00fcr, dass [&hellip;]<\/p>\n","protected":false},"author":1,"featured_media":0,"parent":0,"menu_order":0,"comment_status":"open","ping_status":"open","template":"","meta":{"footnotes":""},"class_list":["post-842","page","type-page","status-publish","hentry"],"_links":{"self":[{"href":"https:\/\/www.guenther-transporte.de\/site\/wp-json\/wp\/v2\/pages\/842","targetHints":{"allow":["GET"]}}],"collection":[{"href":"https:\/\/www.guenther-transporte.de\/site\/wp-json\/wp\/v2\/pages"}],"about":[{"href":"https:\/\/www.guenther-transporte.de\/site\/wp-json\/wp\/v2\/types\/page"}],"author":[{"embeddable":true,"href":"https:\/\/www.guenther-transporte.de\/site\/wp-json\/wp\/v2\/users\/1"}],"replies":[{"embeddable":true,"href":"https:\/\/www.guenther-transporte.de\/site\/wp-json\/wp\/v2\/comments?post=842"}],"version-history":[{"count":16,"href":"https:\/\/www.guenther-transporte.de\/site\/wp-json\/wp\/v2\/pages\/842\/revisions"}],"predecessor-version":[{"id":1686,"href":"https:\/\/www.guenther-transporte.de\/site\/wp-json\/wp\/v2\/pages\/842\/revisions\/1686"}],"wp:attachment":[{"href":"https:\/\/www.guenther-transporte.de\/site\/wp-json\/wp\/v2\/media?parent=842"}],"curies":[{"name":"wp","href":"https:\/\/api.w.org\/{rel}","templated":true}]}}